{"id":527,"date":"2025-05-22T11:34:36","date_gmt":"2025-05-22T16:34:36","guid":{"rendered":"http:\/\/sgt.logex.com.ec\/logexbuy\/?post_type=product&#038;p=527"},"modified":"2026-01-21T10:41:01","modified_gmt":"2026-01-21T15:41:01","slug":"refrigerador-ciclico-11-pies-cubicos-320-l-platinum-mabe-rmc320fvne","status":"publish","type":"product","link":"https:\/\/sgt.logex.com.ec\/logexbuy\/producto\/refrigerador-ciclico-11-pies-cubicos-320-l-platinum-mabe-rmc320fvne\/","title":{"rendered":"Refrigerador C\u00edclico 320 Lt Platinum Mabe"},"content":{"rendered":"<table width=\"648\">\n<tbody>\n<tr>\n<td width=\"324\"><b>Capacidad (L)<\/b><\/td>\n<td width=\"324\"><b>378<\/b><\/td>\n<\/tr>\n<tr>\n<td width=\"324\"><b>Caracter\u00edsticas<\/b><\/td>\n<td width=\"324\"><b>Tipo de refrigeraci\u00f3n C\u00edclico o Fr\u00edo H\u00famedo<\/b><\/td>\n<\/tr>\n<tr>\n<td width=\"324\"><b>Color<\/b><\/td>\n<td width=\"324\"><b>Silver<\/b><\/td>\n<\/tr>\n<tr>\n<td width=\"324\"><b>Despachador de agua<\/b><\/td>\n<td width=\"324\"><b>No<\/b><\/td>\n<\/tr>\n<tr>\n<td width=\"324\"><b>Estilo<\/b><\/td>\n<td width=\"324\"><b>Dise\u00f1o de Refrigerador Congelador Superior<\/b><\/td>\n<\/tr>\n<tr>\n<td width=\"324\"><b>Iluminaci\u00f3n<\/b><\/td>\n<td width=\"324\"><b>LED<\/b><\/td>\n<\/tr>\n<tr>\n<td width=\"324\"><b>Tipo de parrillas<\/b><\/td>\n<td width=\"324\"><b>Cristal templado<\/b><\/td>\n<\/tr>\n<tr>\n<td width=\"324\"><b>Tipo Anaqueles<\/b><\/td>\n<td width=\"324\"><b>Botellas<br \/>\nCompleto<\/b><\/td>\n<\/tr>\n<tr>\n<td width=\"324\"><b>Tipo cajones Enfriador<\/b><\/td>\n<td width=\"324\"><b>Verduras<\/b><\/td>\n<\/tr>\n<tr>\n<td width=\"324\"><b>Tipo de control<\/b><\/td>\n<td width=\"324\"><b>Perilla<\/b><\/td>\n<\/tr>\n<tr>\n<td width=\"324\"><b>Tipo<\/b><\/td>\n<td width=\"324\"><b>Congelador Vertical<\/b><\/td>\n<\/tr>\n<tr>\n<td width=\"324\"><b>Volts \/ Frecuencia<\/b><\/td>\n<td width=\"324\"><b>115V; 60Hz; 20A<\/b><\/td>\n<\/tr>\n<tr>\n<td width=\"324\"><b>Controlador de humedad para verdura<\/b><\/td>\n<td width=\"324\"><b>Si<\/b><\/td>\n<\/tr>\n<tr>\n<td width=\"324\"><b>Niveles de parrillas en congelador<\/b><\/td>\n<td width=\"324\"><b>1<\/b><\/td>\n<\/tr>\n<tr>\n<td width=\"324\"><b>Niveles de parrillas en enfriador<\/b><\/td>\n<td width=\"324\"><b>3<\/b><\/td>\n<\/tr>\n<\/tbody>\n<\/table>\n<table width=\"339\">\n<tbody>\n<tr>\n<td width=\"80\">Alto<\/td>\n<td width=\"99\">Profundidad<\/td>\n<td width=\"80\">Ancho<\/td>\n<td width=\"80\">Stock<\/td>\n<\/tr>\n<tr>\n<td width=\"80\">1,76 cm<\/td>\n<td width=\"99\">0,62 cm<\/td>\n<td width=\"80\">0,60 cm<\/td>\n<td width=\"80\">7<\/td>\n<\/tr>\n<\/tbody>\n<\/table>\n","protected":false},"excerpt":{"rendered":"<p><img loading=\"lazy\" class=\"alignnone size-medium wp-image-528\" src=\"http:\/\/sgt.logex.com.ec\/logexbuy\/wp-content\/uploads\/2025\/05\/3-136x300.png\" alt=\"\" width=\"136\" height=\"300\" srcset=\"https:\/\/i0.wp.com\/sgt.logex.com.ec\/logexbuy\/wp-content\/uploads\/2025\/05\/3.png?resize=136%2C300&amp;ssl=1 136w, https:\/\/i0.wp.com\/sgt.logex.com.ec\/logexbuy\/wp-content\/uploads\/2025\/05\/3.png?resize=64%2C142&amp;ssl=1 64w, https:\/\/i0.wp.com\/sgt.logex.com.ec\/logexbuy\/wp-content\/uploads\/2025\/05\/3.png?w=327&amp;ssl=1 327w\" sizes=\"(max-width: 136px) 100vw, 136px\" \/><\/p>\n","protected":false},"featured_media":528,"comment_status":"open","ping_status":"closed","template":"","meta":{"spay_email":"","jetpack_publicize_message":"","jetpack_is_tweetstorm":false,"jetpack_publicize_feature_enabled":true},"product_cat":[78],"product_tag":[79,90],"jetpack-related-posts":[{"id":529,"url":"https:\/\/sgt.logex.com.ec\/logexbuy\/producto\/refrigerador-automatico-no-frost-de-300-l-inox-mabe-rma430fweu\/","url_meta":{"origin":527,"position":0},"title":"Refrigerador autom\u00e1tico No Frost de 300 Lt Inox Mabe","date":"22 de mayo de 2025","format":false,"excerpt":"","rel":"","context":"Entrada similar","img":{"alt_text":"","src":"https:\/\/i0.wp.com\/sgt.logex.com.ec\/logexbuy\/wp-content\/uploads\/2025\/05\/4.png?fit=483%2C718&ssl=1&resize=350%2C200","width":350,"height":200},"classes":[]},{"id":518,"url":"https:\/\/sgt.logex.com.ec\/logexbuy\/producto\/refrigeradora-no-frost-438-l-brutos-platinum-mabe-rmp438fjet\/","url_meta":{"origin":527,"position":1},"title":"Refrigerador No Frost 438 Lt Brutos Platinum Mabe","date":"5 de mayo de 2025","format":false,"excerpt":"","rel":"","context":"Entrada similar","img":{"alt_text":"","src":"https:\/\/i0.wp.com\/sgt.logex.com.ec\/logexbuy\/wp-content\/uploads\/2025\/05\/RMP438FJET.png?fit=296%2C456&ssl=1&resize=350%2C200","width":350,"height":200},"classes":[]},{"id":496,"url":"https:\/\/sgt.logex.com.ec\/logexbuy\/producto\/refrigeradora-no-frost-244-l-brutos-grafito-mabe-rma244pjeg\/","url_meta":{"origin":527,"position":2},"title":"Refrigerador No Frost 244 Lt Brutos Grafito Mabe","date":"1 de mayo de 2025","format":false,"excerpt":"","rel":"","context":"Entrada similar","img":{"alt_text":"","src":"https:\/\/i0.wp.com\/sgt.logex.com.ec\/logexbuy\/wp-content\/uploads\/2025\/05\/Refrigeradora-No-Frost-244-L-Brutos-Grafito-MABE-RMA244PJEG.png?fit=862%2C785&ssl=1&resize=350%2C200","width":350,"height":200},"classes":[]},{"id":484,"url":"https:\/\/sgt.logex.com.ec\/logexbuy\/producto\/refrigeradora-no-frost-378-l-brutos-inox-mabe-rmp378fgeu\/","url_meta":{"origin":527,"position":3},"title":"Refrigerador No Frost 378 Lt Brutos Inox Mabe","date":"1 de mayo de 2025","format":false,"excerpt":"","rel":"","context":"Entrada similar","img":{"alt_text":"","src":"https:\/\/i0.wp.com\/sgt.logex.com.ec\/logexbuy\/wp-content\/uploads\/2025\/05\/Refrigeradora-No-Frost-378-L-Brutos-Inox-MABE-RMP378FGEU.png?fit=862%2C689&ssl=1&resize=350%2C200","width":350,"height":200},"classes":[]},{"id":482,"url":"https:\/\/sgt.logex.com.ec\/logexbuy\/producto\/refrigeradora-no-frost-418-l-brutos-platinum-mabe-rmp418fjet\/","url_meta":{"origin":527,"position":4},"title":"Refrigerador No Frost 418 Lt Brutos Platinum Mabe","date":"1 de mayo de 2025","format":false,"excerpt":"","rel":"","context":"Entrada similar","img":{"alt_text":"","src":"https:\/\/i0.wp.com\/sgt.logex.com.ec\/logexbuy\/wp-content\/uploads\/2025\/05\/Refrigeradora-No-Frost-418-L-Brutos-Platinum-MABE-RMP418FJET.png?fit=296%2C464&ssl=1&resize=350%2C200","width":350,"height":200},"classes":[]},{"id":488,"url":"https:\/\/sgt.logex.com.ec\/logexbuy\/producto\/refrigeradora-no-frost-418-l-brutos-inox-mabe-rmp418fgeu\/","url_meta":{"origin":527,"position":5},"title":"Refrigerador No Frost 418 Lt Brutos Inox Mabe","date":"1 de mayo de 2025","format":false,"excerpt":"","rel":"","context":"Entrada similar","img":{"alt_text":"","src":"https:\/\/i0.wp.com\/sgt.logex.com.ec\/logexbuy\/wp-content\/uploads\/2025\/05\/Refrigeradora-No-Frost-418-L-Brutos-Inox-MABE-RMP418FGEU.png?fit=862%2C751&ssl=1&resize=350%2C200","width":350,"height":200},"classes":[]}],"_links":{"self":[{"href":"https:\/\/sgt.logex.com.ec\/logexbuy\/wp-json\/wp\/v2\/product\/527"}],"collection":[{"href":"https:\/\/sgt.logex.com.ec\/logexbuy\/wp-json\/wp\/v2\/product"}],"about":[{"href":"https:\/\/sgt.logex.com.ec\/logexbuy\/wp-json\/wp\/v2\/types\/product"}],"replies":[{"embeddable":true,"href":"https:\/\/sgt.logex.com.ec\/logexbuy\/wp-json\/wp\/v2\/comments?post=527"}],"wp:featuredmedia":[{"embeddable":true,"href":"https:\/\/sgt.logex.com.ec\/logexbuy\/wp-json\/wp\/v2\/media\/528"}],"wp:attachment":[{"href":"https:\/\/sgt.logex.com.ec\/logexbuy\/wp-json\/wp\/v2\/media?parent=527"}],"wp:term":[{"taxonomy":"product_cat","embeddable":true,"href":"https:\/\/sgt.logex.com.ec\/logexbuy\/wp-json\/wp\/v2\/product_cat?post=527"},{"taxonomy":"product_tag","embeddable":true,"href":"https:\/\/sgt.logex.com.ec\/logexbuy\/wp-json\/wp\/v2\/product_tag?post=527"}],"curies":[{"name":"wp","href":"https:\/\/api.w.org\/{rel}","templated":true}]}}